{"id":17,"date":"2018-06-24T22:10:26","date_gmt":"2018-06-24T22:10:26","guid":{"rendered":"http:\/\/www.nbc-trucks.de\/?page_id=17"},"modified":"2022-09-22T06:11:32","modified_gmt":"2022-09-22T06:11:32","slug":"unternehmen","status":"publish","type":"page","link":"https:\/\/www.nbc-trucks.de\/?page_id=17","title":{"rendered":"\u00dcber uns"},"content":{"rendered":"\t\t<div data-elementor-type=\"wp-post\" data-elementor-id=\"17\" class=\"elementor elementor-17\">\n\t\t\t\t\t\t<div class=\"elementor-inner\">\n\t\t\t\t<div class=\"elementor-section-wrap\">\n\t\t\t\t\t\t\t\t\t<section class=\"elementor-section elementor-top-section elementor-element elementor-element-49f4cf97 elementor-section-boxed elementor-section-height-default elementor-section-height-default\" data-id=\"49f4cf97\" data-element_type=\"section\">\n\t\t\t\t\t\t<div class=\"elementor-container elementor-column-gap-default\">\n\t\t\t\t\t\t\t<div class=\"elementor-row\">\n\t\t\t\t\t<div class=\"elementor-column elementor-col-100 elementor-top-column elementor-element elementor-element-43a10eb3\" data-id=\"43a10eb3\" data-element_type=\"column\">\n\t\t\t<div class=\"elementor-column-wrap elementor-element-populated\">\n\t\t\t\t\t\t\t<div class=\"elementor-widget-wrap\">\n\t\t\t\t\t\t<div class=\"elementor-element elementor-element-45cbcf8c elementor-widget elementor-widget-text-editor\" data-id=\"45cbcf8c\" data-element_type=\"widget\" data-widget_type=\"text-editor.default\">\n\t\t\t\t<div class=\"elementor-widget-container\">\n\t\t\t\t\t\t\t\t<div class=\"elementor-text-editor elementor-clearfix\">\n\t\t\t\t<p>\u00a0<\/p><p>Das Team der NBC-Trucks begr\u00fc\u00dft Sie recht herzlich auf Ihrer Internetseite.<\/p><p>\u00a0<\/p>\t\t\t\t\t<\/div>\n\t\t\t\t\t\t<\/div>\n\t\t\t\t<\/div>\n\t\t\t\t<div class=\"elementor-element elementor-element-68d61b6 elementor-widget elementor-widget-heading\" data-id=\"68d61b6\" data-element_type=\"widget\" data-widget_type=\"heading.default\">\n\t\t\t\t<div class=\"elementor-widget-container\">\n\t\t\t<h1 class=\"elementor-heading-title elementor-size-default\">\u00dcber uns<\/h1>\t\t<\/div>\n\t\t\t\t<\/div>\n\t\t\t\t\t\t<\/div>\n\t\t\t\t\t<\/div>\n\t\t<\/div>\n\t\t\t\t\t\t\t\t<\/div>\n\t\t\t\t\t<\/div>\n\t\t<\/section>\n\t\t\t\t<section class=\"elementor-section elementor-top-section elementor-element elementor-element-561e1e9 elementor-section-boxed elementor-section-height-default elementor-section-height-default\" data-id=\"561e1e9\" data-element_type=\"section\">\n\t\t\t\t\t\t<div class=\"elementor-container elementor-column-gap-default\">\n\t\t\t\t\t\t\t<div class=\"elementor-row\">\n\t\t\t\t\t<div class=\"elementor-column elementor-col-100 elementor-top-column elementor-element elementor-element-656f837\" data-id=\"656f837\" data-element_type=\"column\">\n\t\t\t<div class=\"elementor-column-wrap elementor-element-populated\">\n\t\t\t\t\t\t\t<div class=\"elementor-widget-wrap\">\n\t\t\t\t\t\t<div class=\"elementor-element elementor-element-d8d21d6 elementor-widget elementor-widget-text-editor\" data-id=\"d8d21d6\" data-element_type=\"widget\" data-widget_type=\"text-editor.default\">\n\t\t\t\t<div class=\"elementor-widget-container\">\n\t\t\t\t\t\t\t\t<div class=\"elementor-text-editor elementor-clearfix\">\n\t\t\t\t<p style=\"text-align: left;\">Die Firma <strong>NBC-TRUCKS GmbH<\/strong> ist ein Familienbetrieb mit \u00fcber 28 Jahren Erfahrung von An-und Verkauf von Nutzfahrzeugen und Baumaschinen.<br \/>Es wurden bereits \u00fcber 30.000 Abwicklungen optimal durchgef\u00fchrt und schon \u00fcber 175 L\u00e4nder wurden von uns beliefert.<br \/>Auf unserer Verkaufsfl\u00e4che werden bis zu 200 Einheiten aufgestellt.<\/p><p style=\"text-align: left;\">1993: Start Ankauf und Verkauf von PKWs sowie kleine Busse<br \/>1998: Umzug nach Nauheim und Start mit Handeln von Nutzfahrzeugen.<br \/>2001: Unser Fuhrpark besteht nur noch aus Nutzfahrzeugen und Baumaschinen 2008: Umzug nach Dietzenbach mit 11.000 Quadratmeter gro\u00dfen Verkaufsfl\u00e4che<br \/>2018: Nach Erwerb der Betriebst\u00e4tte in Babenhausen mit 30.000 Quadratmetern Verkaufsfl\u00e4che ziehen wir erneut um.<br \/>Nun z\u00e4hlen 200 Fahrzeuge zu unserem laufenden Bestand.<br \/>2019: Er\u00f6ffnung unserer Meisterwerkstatt NBC-Service GmbH in Babenhausen<br \/>Die Zufriedenheit unserer Kunden ist uns sehr wichtig.<br \/>Ihrem Kontakt zu uns sehen wir mit Freude entgegen.<\/p><p style=\"text-align: left;\"><strong>Team NBC-Trucks GmbH<\/strong><\/p><p style=\"text-align: left;\"><strong><a href=\"https:\/\/www.nbc-trucks.de\/wp-content\/uploads\/2022\/09\/NBC-Firmenpra\u0308sentation-1.pdf\" target=\"_blank\" rel=\"noopener\">NBC-Firmenpra\u0308sentation herunterladen<\/a><\/strong><\/p>\t\t\t\t\t<\/div>\n\t\t\t\t\t\t<\/div>\n\t\t\t\t<\/div>\n\t\t\t\t<div class=\"elementor-element elementor-element-562ee27 elementor-widget elementor-widget-image\" data-id=\"562ee27\" data-element_type=\"widget\" data-widget_type=\"image.default\">\n\t\t\t\t<div class=\"elementor-widget-container\">\n\t\t\t\t\t\t\t\t<div class=\"elementor-image\">\n\t\t\t\t\t\t\t\t\t\t\t\t\t<a href=\"https:\/\/www.nbc-trucks.de\/wp-content\/uploads\/2021\/10\/logo_NBC2.jpg\" data-elementor-open-lightbox=\"yes\" data-elementor-lightbox-title=\"logo_NBC2\" e-action-hash=\"#elementor-action%3Aaction%3Dlightbox%26settings%3DeyJpZCI6MTEwMzYsInVybCI6Imh0dHBzOlwvXC93d3cubmJjLXRydWNrcy5kZVwvd3AtY29udGVudFwvdXBsb2Fkc1wvMjAyMVwvMTBcL2xvZ29fTkJDMi5qcGcifQ%3D%3D\">\n\t\t\t\t\t\t\t<img width=\"1536\" height=\"191\" src=\"https:\/\/www.nbc-trucks.de\/wp-content\/uploads\/2021\/10\/logo_NBC2-1536x191.jpg\" class=\"attachment-1536x1536 size-1536x1536\" alt=\"\" loading=\"lazy\" srcset=\"https:\/\/www.nbc-trucks.de\/wp-content\/uploads\/2021\/10\/logo_NBC2-1536x191.jpg 1536w, https:\/\/www.nbc-trucks.de\/wp-content\/uploads\/2021\/10\/logo_NBC2-300x37.jpg 300w, https:\/\/www.nbc-trucks.de\/wp-content\/uploads\/2021\/10\/logo_NBC2-1024x127.jpg 1024w, https:\/\/www.nbc-trucks.de\/wp-content\/uploads\/2021\/10\/logo_NBC2-768x95.jpg 768w, https:\/\/www.nbc-trucks.de\/wp-content\/uploads\/2021\/10\/logo_NBC2-2048x254.jpg 2048w\" sizes=\"(max-width: 1536px) 100vw, 1536px\" \/>\t\t\t\t\t\t\t\t<\/a>\n\t\t\t\t\t\t\t\t\t\t\t\t\t\t<\/div>\n\t\t\t\t\t\t<\/div>\n\t\t\t\t<\/div>\n\t\t\t\t\t\t<\/div>\n\t\t\t\t\t<\/div>\n\t\t<\/div>\n\t\t\t\t\t\t\t\t<\/div>\n\t\t\t\t\t<\/div>\n\t\t<\/section>\n\t\t\t\t<section class=\"elementor-section elementor-top-section elementor-element elementor-element-79900fe elementor-section-full_width elementor-section-height-default elementor-section-height-default\" data-id=\"79900fe\" data-element_type=\"section\">\n\t\t\t\t\t\t<div class=\"elementor-container elementor-column-gap-default\">\n\t\t\t\t\t\t\t<div class=\"elementor-row\">\n\t\t\t\t\t<div class=\"elementor-column elementor-col-100 elementor-top-column elementor-element elementor-element-1282618\" data-id=\"1282618\" data-element_type=\"column\">\n\t\t\t<div class=\"elementor-column-wrap elementor-element-populated\">\n\t\t\t\t\t\t\t<div class=\"elementor-widget-wrap\">\n\t\t\t\t\t\t<div class=\"elementor-element elementor-element-4d805c6 elementor-widget elementor-widget-spacer\" data-id=\"4d805c6\" data-element_type=\"widget\" data-widget_type=\"spacer.default\">\n\t\t\t\t<div class=\"elementor-widget-container\">\n\t\t\t\t\t<div class=\"elementor-spacer\">\n\t\t\t<div class=\"elementor-spacer-inner\"><\/div>\n\t\t<\/div>\n\t\t\t\t<\/div>\n\t\t\t\t<\/div>\n\t\t\t\t\t\t<\/div>\n\t\t\t\t\t<\/div>\n\t\t<\/div>\n\t\t\t\t\t\t\t\t<\/div>\n\t\t\t\t\t<\/div>\n\t\t<\/section>\n\t\t\t\t\t\t\t\t\t<\/div>\n\t\t\t<\/div>\n\t\t\t\t\t<\/div>\n\t\t","protected":false},"excerpt":{"rendered":"<p>\u00a0 Das Team der NBC-Trucks begr\u00fc\u00dft Sie recht herzlich auf Ihrer Internetseite. \u00a0 \u00dcber uns Die Firma NBC-TRUCKS GmbH ist ein Familienbetrieb mit \u00fcber 28 Jahren Erfahrung von An-und Verkauf von Nutzfahrzeugen und Baumaschinen.Es wurden bereits \u00fcber 30.000 Abwicklungen optimal durchgef\u00fchrt und schon \u00fcber 175 L\u00e4nder wurden von uns beliefert.Auf unserer Verkaufsfl\u00e4che werden bis zu<a class=\"read-more\" href=\"https:\/\/www.nbc-trucks.de\/?page_id=17\"><br \/>-> Continue reading<span class=\"screen-reader-text\">  \u00dcber uns<\/span><\/a><\/p>\n","protected":false},"author":1,"featured_media":0,"parent":0,"menu_order":0,"comment_status":"closed","ping_status":"closed","template":"elementor_header_footer","meta":[],"_links":{"self":[{"href":"https:\/\/www.nbc-trucks.de\/index.php?rest_route=\/wp\/v2\/pages\/17"}],"collection":[{"href":"https:\/\/www.nbc-trucks.de\/index.php?rest_route=\/wp\/v2\/pages"}],"about":[{"href":"https:\/\/www.nbc-trucks.de\/index.php?rest_route=\/wp\/v2\/types\/page"}],"author":[{"embeddable":true,"href":"https:\/\/www.nbc-trucks.de\/index.php?rest_route=\/wp\/v2\/users\/1"}],"replies":[{"embeddable":true,"href":"https:\/\/www.nbc-trucks.de\/index.php?rest_route=%2Fwp%2Fv2%2Fcomments&post=17"}],"version-history":[{"count":80,"href":"https:\/\/www.nbc-trucks.de\/index.php?rest_route=\/wp\/v2\/pages\/17\/revisions"}],"predecessor-version":[{"id":11128,"href":"https:\/\/www.nbc-trucks.de\/index.php?rest_route=\/wp\/v2\/pages\/17\/revisions\/11128"}],"wp:attachment":[{"href":"https:\/\/www.nbc-trucks.de\/index.php?rest_route=%2Fwp%2Fv2%2Fmedia&parent=17"}],"curies":[{"name":"wp","href":"https:\/\/api.w.org\/{rel}","templated":true}]}}