{"id":12,"date":"2018-06-24T21:55:54","date_gmt":"2018-06-24T21:55:54","guid":{"rendered":"http:\/\/www.nbc-trucks.de\/?page_id=12"},"modified":"2024-09-27T09:32:08","modified_gmt":"2024-09-27T09:32:08","slug":"imressum","status":"publish","type":"page","link":"https:\/\/www.nbc-trucks.de\/?page_id=12","title":{"rendered":"Impressum"},"content":{"rendered":"\t\t<div data-elementor-type=\"wp-post\" data-elementor-id=\"12\" class=\"elementor elementor-12\">\n\t\t\t\t\t\t<div class=\"elementor-inner\">\n\t\t\t\t<div class=\"elementor-section-wrap\">\n\t\t\t\t\t\t\t\t\t<section class=\"elementor-section elementor-top-section elementor-element elementor-element-1d843404 elementor-section-boxed elementor-section-height-default elementor-section-height-default\" data-id=\"1d843404\" data-element_type=\"section\">\n\t\t\t\t\t\t<div class=\"elementor-container elementor-column-gap-default\">\n\t\t\t\t\t\t\t<div class=\"elementor-row\">\n\t\t\t\t\t<div class=\"elementor-column elementor-col-100 elementor-top-column elementor-element elementor-element-14a7e94e\" data-id=\"14a7e94e\" data-element_type=\"column\">\n\t\t\t<div class=\"elementor-column-wrap elementor-element-populated\">\n\t\t\t\t\t\t\t<div class=\"elementor-widget-wrap\">\n\t\t\t\t\t\t<div class=\"elementor-element elementor-element-5a1e9ae2 elementor-widget elementor-widget-text-editor\" data-id=\"5a1e9ae2\" data-element_type=\"widget\" data-widget_type=\"text-editor.default\">\n\t\t\t\t<div class=\"elementor-widget-container\">\n\t\t\t\t\t\t\t\t<div class=\"elementor-text-editor elementor-clearfix\">\n\t\t\t\t<strong>NBC-Trucks GmbH<\/strong>\r\nJustus-von-Liebig-Str 2a\r\n63128 Dietzenbach\r\n\r\nTel: 06074 485268 2\r\nFax: 06074 485268 3\r\nE-Mail : info@nbc-trucks.de\r\n\r\nRegistergericht : Offenbach\r\nRegisternummer : HRB43409\r\n\r\nSteuernummer : 044 240 00044\r\nGesch\u00e4ftsf\u00fchrer : Yusuf Caglayan\t\t\t\t\t<\/div>\n\t\t\t\t\t\t<\/div>\n\t\t\t\t<\/div>\n\t\t\t\t\t\t<\/div>\n\t\t\t\t\t<\/div>\n\t\t<\/div>\n\t\t\t\t\t\t\t\t<\/div>\n\t\t\t\t\t<\/div>\n\t\t<\/section>\n\t\t\t\t<section class=\"elementor-section elementor-top-section elementor-element elementor-element-80c9eb7 elementor-section-boxed elementor-section-height-default elementor-section-height-default\" data-id=\"80c9eb7\" data-element_type=\"section\">\n\t\t\t\t\t\t<div class=\"elementor-container elementor-column-gap-default\">\n\t\t\t\t\t\t\t<div class=\"elementor-row\">\n\t\t\t\t\t<div class=\"elementor-column elementor-col-100 elementor-top-column elementor-element elementor-element-e56e15c\" data-id=\"e56e15c\" data-element_type=\"column\">\n\t\t\t<div class=\"elementor-column-wrap elementor-element-populated\">\n\t\t\t\t\t\t\t<div class=\"elementor-widget-wrap\">\n\t\t\t\t\t\t<div class=\"elementor-element elementor-element-31db770 elementor-widget elementor-widget-spacer\" data-id=\"31db770\" data-element_type=\"widget\" data-widget_type=\"spacer.default\">\n\t\t\t\t<div class=\"elementor-widget-container\">\n\t\t\t\t\t<div class=\"elementor-spacer\">\n\t\t\t<div class=\"elementor-spacer-inner\"><\/div>\n\t\t<\/div>\n\t\t\t\t<\/div>\n\t\t\t\t<\/div>\n\t\t\t\t\t\t<\/div>\n\t\t\t\t\t<\/div>\n\t\t<\/div>\n\t\t\t\t\t\t\t\t<\/div>\n\t\t\t\t\t<\/div>\n\t\t<\/section>\n\t\t\t\t<section class=\"elementor-section elementor-top-section elementor-element elementor-element-89df2cd elementor-section-boxed elementor-section-height-default elementor-section-height-default\" data-id=\"89df2cd\" data-element_type=\"section\">\n\t\t\t\t\t\t<div class=\"elementor-container elementor-column-gap-wider\">\n\t\t\t\t\t\t\t<div class=\"elementor-row\">\n\t\t\t\t\t<div class=\"elementor-column elementor-col-100 elementor-top-column elementor-element elementor-element-7788484\" data-id=\"7788484\" data-element_type=\"column\">\n\t\t\t<div class=\"elementor-column-wrap elementor-element-populated\">\n\t\t\t\t\t\t\t<div class=\"elementor-widget-wrap\">\n\t\t\t\t\t\t<div class=\"elementor-element elementor-element-bd666ac elementor-widget elementor-widget-heading\" data-id=\"bd666ac\" data-element_type=\"widget\" data-widget_type=\"heading.default\">\n\t\t\t\t<div class=\"elementor-widget-container\">\n\t\t\t<h2 class=\"elementor-heading-title elementor-size-default\">Impressum<\/h2>\t\t<\/div>\n\t\t\t\t<\/div>\n\t\t\t\t\t\t<\/div>\n\t\t\t\t\t<\/div>\n\t\t<\/div>\n\t\t\t\t\t\t\t\t<\/div>\n\t\t\t\t\t<\/div>\n\t\t<\/section>\n\t\t\t\t<section class=\"elementor-section elementor-top-section elementor-element elementor-element-d62ea53 elementor-section-boxed elementor-section-height-default elementor-section-height-default\" data-id=\"d62ea53\" data-element_type=\"section\">\n\t\t\t\t\t\t<div class=\"elementor-container elementor-column-gap-default\">\n\t\t\t\t\t\t\t<div class=\"elementor-row\">\n\t\t\t\t\t<div class=\"elementor-column elementor-col-100 elementor-top-column elementor-element elementor-element-3d2f94c\" data-id=\"3d2f94c\" data-element_type=\"column\">\n\t\t\t<div class=\"elementor-column-wrap elementor-element-populated\">\n\t\t\t\t\t\t\t<div class=\"elementor-widget-wrap\">\n\t\t\t\t\t\t<div class=\"elementor-element elementor-element-afe25de elementor-widget elementor-widget-text-editor\" data-id=\"afe25de\" data-element_type=\"widget\" data-widget_type=\"text-editor.default\">\n\t\t\t\t<div class=\"elementor-widget-container\">\n\t\t\t\t\t\t\t\t<div class=\"elementor-text-editor elementor-clearfix\">\n\t\t\t\t<p style=\"text-align: left;\"><strong><br \/>NBC-Trucks GmbH<\/strong><\/p><p style=\"text-align: left;\">Am Trompeterw\u00e4ldchen 1<br \/>64832 Babenhausen<\/p><p style=\"text-align: left;\">Tel:\u00a0 +49 (0) 6074 485 26 82<br \/>Fax:\u00a0<span style=\"font-family: Roboto, sans-serif; font-style: normal; font-weight: 400;\">+49 (0)\u00a0<\/span>6074 485 26 83<br \/>E-Mail : info@nbc-trucks.de<\/p><p style=\"text-align: left;\">Ust-IdNr. : DE259957300<br \/>Erf\u00fcllungsort Gerichtsstand ist Offenbach HRB 43409<\/p><p style=\"text-align: left;\">Vertretungsberechtigt:\u00a0<span style=\"font-family: Roboto, sans-serif; font-style: normal; font-weight: 400;\">Gesch\u00e4ftsf\u00fchrer<\/span><span style=\"font-family: Roboto, sans-serif; font-style: normal; font-weight: 400;\">\u00a0<\/span>\u00a0Yusuf Caglayan<\/p>\t\t\t\t\t<\/div>\n\t\t\t\t\t\t<\/div>\n\t\t\t\t<\/div>\n\t\t\t\t\t\t<\/div>\n\t\t\t\t\t<\/div>\n\t\t<\/div>\n\t\t\t\t\t\t\t\t<\/div>\n\t\t\t\t\t<\/div>\n\t\t<\/section>\n\t\t\t\t\t\t\t\t\t<\/div>\n\t\t\t<\/div>\n\t\t\t\t\t<\/div>\n\t\t","protected":false},"excerpt":{"rendered":"<p>NBC-Trucks GmbH Justus-von-Liebig-Str 2a 63128 Dietzenbach Tel: 06074 485268 2 Fax: 06074 485268 3 E-Mail : info@nbc-trucks.de Registergericht : Offenbach Registernummer : HRB43409 Steuernummer : 044 240 00044 Gesch\u00e4ftsf\u00fchrer : Yusuf Caglayan Impressum NBC-Trucks GmbH Am Trompeterw\u00e4ldchen 164832 Babenhausen Tel:\u00a0 +49 (0) 6074 485 26 82Fax:\u00a0+49 (0)\u00a06074 485 26 83E-Mail : info@nbc-trucks.de Ust-IdNr. : DE259957300Erf\u00fcllungsort<a class=\"read-more\" href=\"https:\/\/www.nbc-trucks.de\/?page_id=12\"><br \/>-> Continue reading<span class=\"screen-reader-text\">  Impressum<\/span><\/a><\/p>\n","protected":false},"author":1,"featured_media":0,"parent":0,"menu_order":0,"comment_status":"closed","ping_status":"closed","template":"elementor_header_footer","meta":[],"_links":{"self":[{"href":"https:\/\/www.nbc-trucks.de\/index.php?rest_route=\/wp\/v2\/pages\/12"}],"collection":[{"href":"https:\/\/www.nbc-trucks.de\/index.php?rest_route=\/wp\/v2\/pages"}],"about":[{"href":"https:\/\/www.nbc-trucks.de\/index.php?rest_route=\/wp\/v2\/types\/page"}],"author":[{"embeddable":true,"href":"https:\/\/www.nbc-trucks.de\/index.php?rest_route=\/wp\/v2\/users\/1"}],"replies":[{"embeddable":true,"href":"https:\/\/www.nbc-trucks.de\/index.php?rest_route=%2Fwp%2Fv2%2Fcomments&post=12"}],"version-history":[{"count":15,"href":"https:\/\/www.nbc-trucks.de\/index.php?rest_route=\/wp\/v2\/pages\/12\/revisions"}],"predecessor-version":[{"id":11165,"href":"https:\/\/www.nbc-trucks.de\/index.php?rest_route=\/wp\/v2\/pages\/12\/revisions\/11165"}],"wp:attachment":[{"href":"https:\/\/www.nbc-trucks.de\/index.php?rest_route=%2Fwp%2Fv2%2Fmedia&parent=12"}],"curies":[{"name":"wp","href":"https:\/\/api.w.org\/{rel}","templated":true}]}}